{"id":4683,"date":"2025-12-30T13:02:28","date_gmt":"2025-12-30T13:02:28","guid":{"rendered":"https:\/\/giusygrecochef.it\/?page_id=4683"},"modified":"2025-12-31T17:50:10","modified_gmt":"2025-12-31T17:50:10","slug":"prossimi-eventi","status":"publish","type":"page","link":"https:\/\/giusygrecochef.it\/en\/prossimi-eventi\/","title":{"rendered":"Eventi"},"content":{"rendered":"<style>.elementor-4683 .elementor-element.elementor-element-79d6479{--display:flex;}.elementor-4683 .elementor-element.elementor-element-88e1d87{--spacer-size:200px;}.elementor-4683 .elementor-element.elementor-element-ed40b58{text-align:start;width:auto;max-width:auto;}.elementor-4683 .elementor-element.elementor-element-ed40b58 .elementor-heading-title{font-family:\"Almarai\", Sans-serif;font-size:130px;font-weight:300;line-height:1em;letter-spacing:-0.02em;-webkit-text-stroke-color:#000;stroke:#000;text-shadow:0px 0px 10px rgba(0,0,0,0.3);color:var( --e-global-color-9a499c0 );}.elementor-4683 .elementor-element.elementor-element-ed40b58 > .elementor-widget-container{margin:0px 0px 0px -7px;}.elementor-4683 .elementor-element.elementor-element-06deec5 .elementor-heading-title{font-family:\"IBM Plex Sans\", Sans-serif;font-size:18px;font-weight:300;text-transform:uppercase;text-shadow:2px 2px 30px rgba(0,0,0,0.3);color:#FFFFFF;}.elementor-4683 .elementor-element.elementor-element-c621b14{--divider-border-style:solid;--divider-color:var( --e-global-color-9a499c0 );--divider-border-width:1px;}.elementor-4683 .elementor-element.elementor-element-c621b14 .elementor-divider-separator{width:17%;}.elementor-4683 .elementor-element.elementor-element-c621b14 .elementor-divider{padding-block-start:15px;padding-block-end:15px;}.elementor-4683 .elementor-element.elementor-element-c621b14 > .elementor-widget-container{margin:0px 0px 0px 0px;}.elementor-4683 .elementor-element.elementor-element-74eae4e{--display:flex;}.elementor-4683 .elementor-element.elementor-element-73027b0{--display:flex;}@media(max-width:1024px){.elementor-4683 .elementor-element.elementor-element-ed40b58{text-align:start;width:100%;max-width:100%;}.elementor-4683 .elementor-element.elementor-element-ed40b58 .elementor-heading-title{font-size:100px;}.elementor-4683 .elementor-element.elementor-element-ed40b58 > .elementor-widget-container{padding:0% 0% 0% 0%;}}@media(max-width:767px){.elementor-4683 .elementor-element.elementor-element-88e1d87{--spacer-size:19px;}.elementor-4683 .elementor-element.elementor-element-ed40b58 .elementor-heading-title{font-size:45px;}.elementor-4683 .elementor-element.elementor-element-ed40b58 > .elementor-widget-container{margin:0px 0px 0px 0px;padding:0px 0px 0px 0px;}.elementor-4683 .elementor-element.elementor-element-06deec5 .elementor-heading-title{font-size:14px;}}<\/style>\t\t<div data-elementor-type=\"wp-page\" data-elementor-id=\"4683\" class=\"elementor elementor-4683\" data-elementor-post-type=\"page\">\n\t\t\t\t<div class=\"elementor-element elementor-element-79d6479 e-flex e-con-boxed e-con e-parent\" data-id=\"79d6479\" data-element_type=\"container\" data-e-type=\"container\" data-settings=\"{&quot;background_background&quot;:&quot;slideshow&quot;,&quot;background_slideshow_gallery&quot;:[{&quot;id&quot;:457,&quot;url&quot;:&quot;https:\\\/\\\/giusygrecochef.it\\\/wp-content\\\/uploads\\\/2023\\\/10\\\/Show-Cooking-Giusy-Greco.jpg&quot;},{&quot;id&quot;:3690,&quot;url&quot;:&quot;https:\\\/\\\/giusygrecochef.it\\\/wp-content\\\/uploads\\\/2025\\\/11\\\/Sapori-di-Sicilia-scaled.jpg&quot;},{&quot;id&quot;:3144,&quot;url&quot;:&quot;https:\\\/\\\/giusygrecochef.it\\\/wp-content\\\/uploads\\\/2025\\\/10\\\/B5_5804-scaled.jpg&quot;},{&quot;id&quot;:999,&quot;url&quot;:&quot;https:\\\/\\\/giusygrecochef.it\\\/wp-content\\\/uploads\\\/2023\\\/11\\\/piatto-scaled.jpg&quot;},{&quot;id&quot;:798,&quot;url&quot;:&quot;https:\\\/\\\/giusygrecochef.it\\\/wp-content\\\/uploads\\\/2023\\\/11\\\/lab.webp&quot;}],&quot;background_slideshow_ken_burns&quot;:&quot;yes&quot;,&quot;background_slideshow_loop&quot;:&quot;yes&quot;,&quot;background_slideshow_slide_duration&quot;:5000,&quot;background_slideshow_slide_transition&quot;:&quot;fade&quot;,&quot;background_slideshow_transition_duration&quot;:500,&quot;background_slideshow_ken_burns_zoom_direction&quot;:&quot;in&quot;}\">\n\t\t\t\t\t<div class=\"e-con-inner\">\n\t\t\t\t<div class=\"elementor-element elementor-element-88e1d87 elementor-widget elementor-widget-spacer\" data-id=\"88e1d87\" data-element_type=\"widget\" data-e-type=\"widget\" data-widget_type=\"spacer.default\">\n\t\t\t\t<div class=\"elementor-widget-container\">\n\t\t\t\t\t\t\t<div class=\"elementor-spacer\">\n\t\t\t<div class=\"elementor-spacer-inner\"><\/div>\n\t\t<\/div>\n\t\t\t\t\t\t<\/div>\n\t\t\t\t<\/div>\n\t\t\t\t<div class=\"elementor-element elementor-element-ed40b58 elementor-widget__width-auto elementor-widget-tablet__width-inherit elementor-widget elementor-widget-heading\" data-id=\"ed40b58\" data-element_type=\"widget\" data-e-type=\"widget\" data-widget_type=\"heading.default\">\n\t\t\t\t<div class=\"elementor-widget-container\">\n\t\t\t\t\t<h1 class=\"elementor-heading-title elementor-size-default\">Prossimi Eventi<\/h1>\t\t\t\t<\/div>\n\t\t\t\t<\/div>\n\t\t\t\t<div class=\"elementor-element elementor-element-06deec5 elementor-widget elementor-widget-heading\" data-id=\"06deec5\" data-element_type=\"widget\" data-e-type=\"widget\" data-widget_type=\"heading.default\">\n\t\t\t\t<div class=\"elementor-widget-container\">\n\t\t\t\t\t<h2 class=\"elementor-heading-title elementor-size-default\">Non perderti i miei eventi<\/h2>\t\t\t\t<\/div>\n\t\t\t\t<\/div>\n\t\t\t\t<div class=\"elementor-element elementor-element-c621b14 elementor-widget-divider--view-line elementor-widget elementor-widget-divider\" data-id=\"c621b14\" data-element_type=\"widget\" data-e-type=\"widget\" data-widget_type=\"divider.default\">\n\t\t\t\t<div class=\"elementor-widget-container\">\n\t\t\t\t\t\t\t<div class=\"elementor-divider\">\n\t\t\t<span class=\"elementor-divider-separator\">\n\t\t\t\t\t\t<\/span>\n\t\t<\/div>\n\t\t\t\t\t\t<\/div>\n\t\t\t\t<\/div>\n\t\t\t\t\t<\/div>\n\t\t\t\t<\/div>\n\t\t<div class=\"elementor-element elementor-element-74eae4e e-flex e-con-boxed e-con e-parent\" data-id=\"74eae4e\" data-element_type=\"container\" data-e-type=\"container\">\n\t\t\t\t\t<div class=\"e-con-inner\">\n\t\t\t\t\t<\/div>\n\t\t\t\t<\/div>\n\t\t<div class=\"elementor-element elementor-element-73027b0 e-flex e-con-boxed e-con e-parent\" data-id=\"73027b0\" data-element_type=\"container\" data-e-type=\"container\">\n\t\t\t\t\t<div class=\"e-con-inner\">\n\t\t\t\t<div class=\"elementor-element elementor-element-4aa4ce4 elementor-widget elementor-widget-sugar-calendar-events-list\" data-id=\"4aa4ce4\" data-element_type=\"widget\" data-e-type=\"widget\" data-widget_type=\"sugar-calendar-events-list.default\">\n\t\t\t\t<div class=\"elementor-widget-container\">\n\t\t\t\t\t<div id=\"sc-4aa4ce4\"\n\tclass=\"sugar-calendar-event-list-block sugar-calendar-event-list-block__list-view\"\n\tdata-attributes=\"{&quot;blockId&quot;:&quot;4aa4ce4&quot;,&quot;calendars&quot;:[],&quot;tags&quot;:[],&quot;groupEventsByWeek&quot;:false,&quot;eventsPerPage&quot;:10,&quot;maximumEventsToShow&quot;:10,&quot;display&quot;:&quot;list&quot;,&quot;showBlockHeader&quot;:false,&quot;allowUserChangeDisplay&quot;:false,&quot;showFilters&quot;:false,&quot;showSearch&quot;:false,&quot;showDateCards&quot;:true,&quot;showDescriptions&quot;:true,&quot;showFeaturedImages&quot;:true,&quot;imagePosition&quot;:&quot;left&quot;,&quot;appearance&quot;:&quot;light&quot;,&quot;accentColor&quot;:&quot;#5685BD&quot;,&quot;linksColor&quot;:&quot;#000000D9&quot;,&quot;should_not_load_events&quot;:false}\"\n\tdata-paged=\"1\"\n\tdata-ogday=\"22\"\n\tdata-ogmonth=\"4\"\n\tdata-ogyear=\"2026\"\n\tdata-appearance=\"light\"\n\tstyle=\"--accent-color: #5685BD;--links-color: #000000D9;--popover-accent: #ffffff;\"\n>\n\t<form class=\"sugar-calendar-block-settings\" action=\"\">\n\t<input type=\"hidden\" name=\"sc_calendar_id\" value=\"sc-4aa4ce4\" \/>\n\t<input type=\"hidden\" name=\"sc_month\" value=\"4\" \/>\n\t<input type=\"hidden\" name=\"sc_year\" value=\"2026\" \/>\n\t<input type=\"hidden\" name=\"sc_day\" value=\"22\" \/>\n\t<input type=\"hidden\" name=\"sc_calendars\" value=\"\" \/>\n\t<input type=\"hidden\" name=\"sc_display\" value=\"list\" \/>\n\t<input type=\"hidden\" name=\"sc_search\" value=\"\" \/>\n\t<input type=\"hidden\" name=\"sc_visitor_tz_convert\" value=\"0\">\n\t<input type=\"hidden\" name=\"sc_calendars_filter\" value=\"\" \/>\n\t<input type=\"hidden\" name=\"sc_venues_filter\" value=\"\" \/>\n\t<input type=\"hidden\" name=\"sc_speakers_filter\" value=\"\" \/>\n\t<input type=\"hidden\" name=\"sc_tags_filter\" value=\"\" \/>\n<input type=\"hidden\" name=\"trp-form-language\" value=\"en\"\/><\/form>\n<div class=\"sugar-calendar-block__popover__month_selector sugar-calendar-block__popover\" role=\"popover\">\n\t<div class=\"sugar-calendar-block__popover__month_selector__container\">\n\t\t<div class=\"sugar-calendar-block__controls__datepicker\"\n\t\t\tdata-date=\"04\/22\/2026\">\n\t\t<\/div>\n\t<\/div>\n<\/div>\n\n<div class=\"sugar-calendar-block__popover__calendar_selector sugar-calendar-block__popover\" role=\"popover\">\n\n\t<div class=\"sugar-calendar-block__popover__calendar_selector__container\">\n\n\t\t\t\t\t<div class=\"sugar-calendar-block__popover__calendar_selector__container__calendars\" data-sc-accordion-open=\"true\">\n\t\t\t\t<div class=\"sugar-calendar-block__popover__calendar_selector__container__heading\">\n\t\t\t\t\tCalendars\t\t\t\t\t<span class=\"sc-filter-applied-indicator\" aria-hidden=\"true\"><\/span>\n\t\t\t\t\t<span class=\"sc-accordion-indicator\" aria-hidden=\"true\">\n\t\t\t\t\t\t<svg width=\"13\" height=\"8\" viewbox=\"0 0 13 8\" fill=\"currentColor\" xmlns=\"http:\/\/www.w3.org\/2000\/svg\">\n\t\t\t\t\t\t\t<path d=\"M12.0586 1.34375C12.1953 1.45312 12.1953 1.67188 12.0586 1.80859L6.34375 7.52344C6.20703 7.66016 6.01562 7.66016 5.87891 7.52344L0.164062 1.80859C0.0273438 1.67188 0.0273438 1.45312 0.164062 1.34375L0.683594 0.796875C0.820312 0.660156 1.03906 0.660156 1.14844 0.796875L6.125 5.74609L11.0742 0.796875C11.1836 0.660156 11.4023 0.660156 11.5391 0.796875L12.0586 1.34375Z\" fill=\"currentColor\"><\/path>\n\t\t\t\t\t\t<\/svg>\n\t\t\t\t\t<\/span>\n\t\t\t\t<\/div>\n\t\t\t\t<div class=\"sugar-calendar-block__popover__calendar_selector__container__options\">\n\t\t\t\t\t\t\t\t\t\t\t<div class=\"sugar-calendar-block__popover__calendar_selector__container__options__val\">\n\t\t\t\t\t\t\t<label for=\"sc-cal-sc-4aa4ce4-39\">\n\t\t\t\t\t\t\t\t<input\n\t\t\t\t\t\t\t\t\ttype=\"checkbox\"\n\t\t\t\t\t\t\t\t\tid=\"sc-cal-sc-4aa4ce4-39\"\n\t\t\t\t\t\t\t\t\tclass=\"sugar-calendar-block__popover__calendar_selector__container__options__val__cal\"\n\t\t\t\t\t\t\t\t\tname=\"calendar-39\"\n\t\t\t\t\t\t\t\t\tvalue=\"39\"\n\t\t\t\t\t\t\t\t\/>\n\t\t\t\t\t\t\t\tGiusy Greco Events\t\t\t\t\t\t\t<\/label>\n\t\t\t\t\t\t<\/div>\n\t\t\t\t\t\t\t\t\t\t<\/div>\n\t\t\t<\/div>\n\t\t\t\n\t\t<div style=\"\" class=\"sugar-calendar-block__popover__calendar_selector__container__days\" data-sc-accordion-open=\"false\">\n\t\t\t<div class=\"sugar-calendar-block__popover__calendar_selector__container__heading\">\n\t\t\t\tDays of the Week\t\t\t\t<span class=\"sc-filter-applied-indicator\" aria-hidden=\"true\"><\/span>\n\t\t\t\t<span class=\"sc-accordion-indicator\" aria-hidden=\"true\">\n\t\t\t\t\t<svg width=\"13\" height=\"8\" viewbox=\"0 0 13 8\" fill=\"currentColor\" xmlns=\"http:\/\/www.w3.org\/2000\/svg\">\n\t\t\t\t\t\t<path d=\"M12.0586 1.34375C12.1953 1.45312 12.1953 1.67188 12.0586 1.80859L6.34375 7.52344C6.20703 7.66016 6.01562 7.66016 5.87891 7.52344L0.164062 1.80859C0.0273438 1.67188 0.0273438 1.45312 0.164062 1.34375L0.683594 0.796875C0.820312 0.660156 1.03906 0.660156 1.14844 0.796875L6.125 5.74609L11.0742 0.796875C11.1836 0.660156 11.4023 0.660156 11.5391 0.796875L12.0586 1.34375Z\" fill=\"currentColor\"><\/path>\n\t\t\t\t\t<\/svg>\n\t\t\t\t<\/span>\n\t\t\t<\/div>\n\t\t\t<div class=\"sugar-calendar-block__popover__calendar_selector__container__options\">\n\t\t\t\t\t\t\t\t\t<div class=\"sugar-calendar-block__popover__calendar_selector__container__options__val\">\n\t\t\t\t\t\t<label for=\"sc-day-sc-4aa4ce4-Sunday\">\n\t\t\t\t\t\t\t<input\n\t\t\t\t\t\t\t\tclass=\"sugar-calendar-block__popover__calendar_selector__container__options__val__day\"\n\t\t\t\t\t\t\t\ttype=\"checkbox\"\n\t\t\t\t\t\t\t\tid=\"sc-day-sc-4aa4ce4-Sunday\"\n\t\t\t\t\t\t\t\tname=\"sc-day-sc-4aa4ce4-Sunday\"\n\t\t\t\t\t\t\t\tvalue=\"0\"\n\t\t\t\t\t\t\t\/>\n\t\t\t\t\t\t\tSunday\t\t\t\t\t\t<\/label>\n\t\t\t\t\t<\/div>\n\t\t\t\t\t\t\t\t\t\t<div class=\"sugar-calendar-block__popover__calendar_selector__container__options__val\">\n\t\t\t\t\t\t<label for=\"sc-day-sc-4aa4ce4-Monday\">\n\t\t\t\t\t\t\t<input\n\t\t\t\t\t\t\t\tclass=\"sugar-calendar-block__popover__calendar_selector__container__options__val__day\"\n\t\t\t\t\t\t\t\ttype=\"checkbox\"\n\t\t\t\t\t\t\t\tid=\"sc-day-sc-4aa4ce4-Monday\"\n\t\t\t\t\t\t\t\tname=\"sc-day-sc-4aa4ce4-Monday\"\n\t\t\t\t\t\t\t\tvalue=\"1\"\n\t\t\t\t\t\t\t\/>\n\t\t\t\t\t\t\tMonday\t\t\t\t\t\t<\/label>\n\t\t\t\t\t<\/div>\n\t\t\t\t\t\t\t\t\t\t<div class=\"sugar-calendar-block__popover__calendar_selector__container__options__val\">\n\t\t\t\t\t\t<label for=\"sc-day-sc-4aa4ce4-Tuesday\">\n\t\t\t\t\t\t\t<input\n\t\t\t\t\t\t\t\tclass=\"sugar-calendar-block__popover__calendar_selector__container__options__val__day\"\n\t\t\t\t\t\t\t\ttype=\"checkbox\"\n\t\t\t\t\t\t\t\tid=\"sc-day-sc-4aa4ce4-Tuesday\"\n\t\t\t\t\t\t\t\tname=\"sc-day-sc-4aa4ce4-Tuesday\"\n\t\t\t\t\t\t\t\tvalue=\"2\"\n\t\t\t\t\t\t\t\/>\n\t\t\t\t\t\t\tTuesday\t\t\t\t\t\t<\/label>\n\t\t\t\t\t<\/div>\n\t\t\t\t\t\t\t\t\t\t<div class=\"sugar-calendar-block__popover__calendar_selector__container__options__val\">\n\t\t\t\t\t\t<label for=\"sc-day-sc-4aa4ce4-Wednesday\">\n\t\t\t\t\t\t\t<input\n\t\t\t\t\t\t\t\tclass=\"sugar-calendar-block__popover__calendar_selector__container__options__val__day\"\n\t\t\t\t\t\t\t\ttype=\"checkbox\"\n\t\t\t\t\t\t\t\tid=\"sc-day-sc-4aa4ce4-Wednesday\"\n\t\t\t\t\t\t\t\tname=\"sc-day-sc-4aa4ce4-Wednesday\"\n\t\t\t\t\t\t\t\tvalue=\"3\"\n\t\t\t\t\t\t\t\/>\n\t\t\t\t\t\t\tWednesday\t\t\t\t\t\t<\/label>\n\t\t\t\t\t<\/div>\n\t\t\t\t\t\t\t\t\t\t<div class=\"sugar-calendar-block__popover__calendar_selector__container__options__val\">\n\t\t\t\t\t\t<label for=\"sc-day-sc-4aa4ce4-Thursday\">\n\t\t\t\t\t\t\t<input\n\t\t\t\t\t\t\t\tclass=\"sugar-calendar-block__popover__calendar_selector__container__options__val__day\"\n\t\t\t\t\t\t\t\ttype=\"checkbox\"\n\t\t\t\t\t\t\t\tid=\"sc-day-sc-4aa4ce4-Thursday\"\n\t\t\t\t\t\t\t\tname=\"sc-day-sc-4aa4ce4-Thursday\"\n\t\t\t\t\t\t\t\tvalue=\"4\"\n\t\t\t\t\t\t\t\/>\n\t\t\t\t\t\t\tThursday\t\t\t\t\t\t<\/label>\n\t\t\t\t\t<\/div>\n\t\t\t\t\t\t\t\t\t\t<div class=\"sugar-calendar-block__popover__calendar_selector__container__options__val\">\n\t\t\t\t\t\t<label for=\"sc-day-sc-4aa4ce4-Friday\">\n\t\t\t\t\t\t\t<input\n\t\t\t\t\t\t\t\tclass=\"sugar-calendar-block__popover__calendar_selector__container__options__val__day\"\n\t\t\t\t\t\t\t\ttype=\"checkbox\"\n\t\t\t\t\t\t\t\tid=\"sc-day-sc-4aa4ce4-Friday\"\n\t\t\t\t\t\t\t\tname=\"sc-day-sc-4aa4ce4-Friday\"\n\t\t\t\t\t\t\t\tvalue=\"5\"\n\t\t\t\t\t\t\t\/>\n\t\t\t\t\t\t\tFriday\t\t\t\t\t\t<\/label>\n\t\t\t\t\t<\/div>\n\t\t\t\t\t\t\t\t\t\t<div class=\"sugar-calendar-block__popover__calendar_selector__container__options__val\">\n\t\t\t\t\t\t<label for=\"sc-day-sc-4aa4ce4-Saturday\">\n\t\t\t\t\t\t\t<input\n\t\t\t\t\t\t\t\tclass=\"sugar-calendar-block__popover__calendar_selector__container__options__val__day\"\n\t\t\t\t\t\t\t\ttype=\"checkbox\"\n\t\t\t\t\t\t\t\tid=\"sc-day-sc-4aa4ce4-Saturday\"\n\t\t\t\t\t\t\t\tname=\"sc-day-sc-4aa4ce4-Saturday\"\n\t\t\t\t\t\t\t\tvalue=\"6\"\n\t\t\t\t\t\t\t\/>\n\t\t\t\t\t\t\tSaturday\t\t\t\t\t\t<\/label>\n\t\t\t\t\t<\/div>\n\t\t\t\t\t\t\t\t<\/div>\n\t\t<\/div>\n\n\t\t<div class=\"sugar-calendar-block__popover__calendar_selector__container__time\" data-sc-accordion-open=\"false\">\n\t\t\t<div class=\"sugar-calendar-block__popover__calendar_selector__container__heading\">\n\t\t\t\tTime of Day\t\t\t\t<span class=\"sc-filter-applied-indicator\" aria-hidden=\"true\"><\/span>\n\t\t\t\t<span class=\"sc-accordion-indicator\" aria-hidden=\"true\">\n\t\t\t\t\t<svg width=\"13\" height=\"8\" viewbox=\"0 0 13 8\" fill=\"currentColor\" xmlns=\"http:\/\/www.w3.org\/2000\/svg\">\n\t\t\t\t\t\t<path d=\"M12.0586 1.34375C12.1953 1.45312 12.1953 1.67188 12.0586 1.80859L6.34375 7.52344C6.20703 7.66016 6.01562 7.66016 5.87891 7.52344L0.164062 1.80859C0.0273438 1.67188 0.0273438 1.45312 0.164062 1.34375L0.683594 0.796875C0.820312 0.660156 1.03906 0.660156 1.14844 0.796875L6.125 5.74609L11.0742 0.796875C11.1836 0.660156 11.4023 0.660156 11.5391 0.796875L12.0586 1.34375Z\" fill=\"currentColor\"><\/path>\n\t\t\t\t\t<\/svg>\n\t\t\t\t<\/span>\n\t\t\t<\/div>\n\t\t\t<div class=\"sugar-calendar-block__popover__calendar_selector__container__options\">\n\t\t\t\t\t\t\t\t\t<div class=\"sugar-calendar-block__popover__calendar_selector__container__options__val\">\n\t\t\t\t\t\t<label for=\"tod-sc-4aa4ce4-all_day\">\n\t\t\t\t\t\t\t<input\n\t\t\t\t\t\t\t\tclass=\"sugar-calendar-block__popover__calendar_selector__container__options__val__time\"\n\t\t\t\t\t\t\t\ttype=\"checkbox\"\n\t\t\t\t\t\t\t\tid=\"tod-sc-4aa4ce4-all_day\"\n\t\t\t\t\t\t\t\tname=\"tod-sc-4aa4ce4-all_day\"\n\t\t\t\t\t\t\t\tvalue=\"all_day\"\n\t\t\t\t\t\t\t\/>\n\t\t\t\t\t\t\tAll Day\t\t\t\t\t\t<\/label>\n\t\t\t\t\t<\/div>\n\t\t\t\t\t\t\t\t\t\t<div class=\"sugar-calendar-block__popover__calendar_selector__container__options__val\">\n\t\t\t\t\t\t<label for=\"tod-sc-4aa4ce4-morning\">\n\t\t\t\t\t\t\t<input\n\t\t\t\t\t\t\t\tclass=\"sugar-calendar-block__popover__calendar_selector__container__options__val__time\"\n\t\t\t\t\t\t\t\ttype=\"checkbox\"\n\t\t\t\t\t\t\t\tid=\"tod-sc-4aa4ce4-morning\"\n\t\t\t\t\t\t\t\tname=\"tod-sc-4aa4ce4-morning\"\n\t\t\t\t\t\t\t\tvalue=\"morning\"\n\t\t\t\t\t\t\t\/>\n\t\t\t\t\t\t\tMorning\t\t\t\t\t\t<\/label>\n\t\t\t\t\t<\/div>\n\t\t\t\t\t\t\t\t\t\t<div class=\"sugar-calendar-block__popover__calendar_selector__container__options__val\">\n\t\t\t\t\t\t<label for=\"tod-sc-4aa4ce4-afternoon\">\n\t\t\t\t\t\t\t<input\n\t\t\t\t\t\t\t\tclass=\"sugar-calendar-block__popover__calendar_selector__container__options__val__time\"\n\t\t\t\t\t\t\t\ttype=\"checkbox\"\n\t\t\t\t\t\t\t\tid=\"tod-sc-4aa4ce4-afternoon\"\n\t\t\t\t\t\t\t\tname=\"tod-sc-4aa4ce4-afternoon\"\n\t\t\t\t\t\t\t\tvalue=\"afternoon\"\n\t\t\t\t\t\t\t\/>\n\t\t\t\t\t\t\tAfternoon\t\t\t\t\t\t<\/label>\n\t\t\t\t\t<\/div>\n\t\t\t\t\t\t\t\t\t\t<div class=\"sugar-calendar-block__popover__calendar_selector__container__options__val\">\n\t\t\t\t\t\t<label for=\"tod-sc-4aa4ce4-evening\">\n\t\t\t\t\t\t\t<input\n\t\t\t\t\t\t\t\tclass=\"sugar-calendar-block__popover__calendar_selector__container__options__val__time\"\n\t\t\t\t\t\t\t\ttype=\"checkbox\"\n\t\t\t\t\t\t\t\tid=\"tod-sc-4aa4ce4-evening\"\n\t\t\t\t\t\t\t\tname=\"tod-sc-4aa4ce4-evening\"\n\t\t\t\t\t\t\t\tvalue=\"evening\"\n\t\t\t\t\t\t\t\/>\n\t\t\t\t\t\t\tEvening\t\t\t\t\t\t<\/label>\n\t\t\t\t\t<\/div>\n\t\t\t\t\t\t\t\t\t\t<div class=\"sugar-calendar-block__popover__calendar_selector__container__options__val\">\n\t\t\t\t\t\t<label for=\"tod-sc-4aa4ce4-night\">\n\t\t\t\t\t\t\t<input\n\t\t\t\t\t\t\t\tclass=\"sugar-calendar-block__popover__calendar_selector__container__options__val__time\"\n\t\t\t\t\t\t\t\ttype=\"checkbox\"\n\t\t\t\t\t\t\t\tid=\"tod-sc-4aa4ce4-night\"\n\t\t\t\t\t\t\t\tname=\"tod-sc-4aa4ce4-night\"\n\t\t\t\t\t\t\t\tvalue=\"night\"\n\t\t\t\t\t\t\t\/>\n\t\t\t\t\t\t\tNight\t\t\t\t\t\t<\/label>\n\t\t\t\t\t<\/div>\n\t\t\t\t\t\t\t\t<\/div>\n\t\t<\/div>\n\n\t\t\n\t\t<div class=\"sc-filters-footer\">\n\t\t\t<button type=\"button\" class=\"sc-filters-clear\">Clear All<\/button>\n\t\t\t<button type=\"button\" class=\"sc-filters-apply\">Apply<\/button>\n\t\t<\/div>\n\t<\/div>\n<\/div>\n\n<div class=\"sugar-calendar-block__popover__display_selector sugar-calendar-block__popover\" role=\"popover\">\n\t<div class=\"sugar-calendar-block__popover__display_selector__container\">\n\t\t<div class=\"sugar-calendar-block__popover__display_selector__container__body\">\n\t\t\t\t\t\t\t<div data-mode=\"list\" class=\"sugar-calendar-block__popover__display_selector__container__body__option\">\n\t\t\t\t\tList\t\t\t\t<\/div>\n\t\t\t\t\t\t\t\t<div data-mode=\"grid\" class=\"sugar-calendar-block__popover__display_selector__container__body__option\">\n\t\t\t\t\tGrid\t\t\t\t<\/div>\n\t\t\t\t\t\t\t\t<div data-mode=\"plain\" class=\"sugar-calendar-block__popover__display_selector__container__body__option\">\n\t\t\t\t\tPlain\t\t\t\t<\/div>\n\t\t\t\t\t\t<\/div>\n\t<\/div>\n<\/div>\n\n\t<div class=\"sugar-calendar-event-list-block__base-container sugar-calendar-block__base-container\">\n\t\t<div class=\"sugar-calendar-block__base-container__no-events\">\n\t<div class=\"sugar-calendar-block__base-container__no-events__msg\">\n\t\tThere are no events scheduled that match your criteria.\t<\/div>\n<\/div>\n\t<\/div>\n\n\t<\/div>\n\t\t\t\t<\/div>\n\t\t\t\t<\/div>\n\t\t\t\t\t<\/div>\n\t\t\t\t<\/div>\n\t\t\t\t<\/div>","protected":false},"excerpt":{"rendered":"<p>Prossimi Eventi Non perderti i miei eventi Calendari Giusy Greco Events Giorni della settimana domenica luned\u00ec marted\u00ec mercoled\u00ec gioved\u00ec venerd\u00ec sabato Ora del giorno Tutto il giorno Mattina Pomeriggio Sera Notte Cancella tutto Applica Elenco Griglia Semplice Sab 17 Laboratorio Cook &amp; Eat 17 Gennaio 2026 alle 17:00 &#8211; 21:30 Vuoi imparare e assaporare le [&hellip;]<\/p>","protected":false},"author":4,"featured_media":0,"parent":0,"menu_order":0,"comment_status":"closed","ping_status":"closed","template":"","meta":{"footnotes":""},"class_list":["post-4683","page","type-page","status-publish","hentry"],"_links":{"self":[{"href":"https:\/\/giusygrecochef.it\/en\/wp-json\/wp\/v2\/pages\/4683","targetHints":{"allow":["GET"]}}],"collection":[{"href":"https:\/\/giusygrecochef.it\/en\/wp-json\/wp\/v2\/pages"}],"about":[{"href":"https:\/\/giusygrecochef.it\/en\/wp-json\/wp\/v2\/types\/page"}],"author":[{"embeddable":true,"href":"https:\/\/giusygrecochef.it\/en\/wp-json\/wp\/v2\/users\/4"}],"replies":[{"embeddable":true,"href":"https:\/\/giusygrecochef.it\/en\/wp-json\/wp\/v2\/comments?post=4683"}],"version-history":[{"count":34,"href":"https:\/\/giusygrecochef.it\/en\/wp-json\/wp\/v2\/pages\/4683\/revisions"}],"predecessor-version":[{"id":4750,"href":"https:\/\/giusygrecochef.it\/en\/wp-json\/wp\/v2\/pages\/4683\/revisions\/4750"}],"wp:attachment":[{"href":"https:\/\/giusygrecochef.it\/en\/wp-json\/wp\/v2\/media?parent=4683"}],"curies":[{"name":"wp","href":"https:\/\/api.w.org\/{rel}","templated":true}]}}